{"id":88,"date":"2024-06-12T16:26:21","date_gmt":"2024-06-12T22:26:21","guid":{"rendered":"https:\/\/sibese.conare.ac.cr\/?page_id=88"},"modified":"2024-06-12T16:26:45","modified_gmt":"2024-06-12T22:26:45","slug":"introduccion","status":"publish","type":"page","link":"https:\/\/sibese.conare.ac.cr\/index.php\/introduccion\/","title":{"rendered":"Introducci\u00f3n"},"content":{"rendered":"\n<p><\/p>\n\n\n\n<p>En el a\u00f1o 1983 se instituy\u00f3 en el seno del Consejo Nacional de Rectores (CONARE) la Comisi\u00f3n de personas directoras de Bibliotecas de la educaci\u00f3n superior estatal de Costa Rica que hoy en d\u00eda se conoce como Sistema de Bibliotecas de la Educaci\u00f3n Superior Estatal de Costa Rica (SIBESE-CR).<\/p>\n\n\n\n<p>La explosi\u00f3n de las fuentes de informaci\u00f3n tanto impresas como digitales ha aumentado exponencialmente en las \u00faltimas d\u00e9cadas, se encuentran as\u00ed todo tipo de fuentes de informaci\u00f3n en variados formatos, los mismos pueden ser confiables como resultado de estudios serios y revisados por pares acad\u00e9micos; as\u00ed como aquellos que son totalmente equivocados y especulativos.<\/p>\n\n\n\n<p>En este escenario las bibliotecas juegan un papel preponderante y el establecimiento de comunidades bibliotecarias de colaboraci\u00f3n es la mejor manera de administrar los recursos de informaci\u00f3n y ofrecer a la persona usuaria final la informaci\u00f3n adecuada para satisfacer las necesidades de informaci\u00f3n requerida para la producci\u00f3n del conocimiento. Adem\u00e1s de asegurar la igualdad de recursos entre instituciones.<\/p>\n\n\n\n<p><strong>CONARE Y SUS UNIVERSIDADES ADSCRITAS<\/strong><\/p>\n\n\n\n<p>El Conare es el ente constitucional coordinador del Sistema de Educaci\u00f3n Superior Universitaria Estatal encargado de la adecuada planificaci\u00f3n y desarrollo. Gestiona de manera innovadora la acci\u00f3n sist\u00e9mica de las Instituciones de Educaci\u00f3n Superior Universitaria Estatal para promover el desarrollo nacional seg\u00fan mandatos establecidos en la Constituci\u00f3n Pol\u00edtica y en el Convenio de Coordinaci\u00f3n (mediante el Convenio de Coordinaci\u00f3n de la Educaci\u00f3n Superior del 8 de noviembre de 1988).<\/p>\n\n\n\n<p>Las cinco universidades signatarias que integran al CONARE son:<\/p>\n\n\n\n<ol class=\"wp-block-list\" style=\"list-style-type:lower-alpha\">\n<li>La Universidad de Costa Rica (UCR) es una instituci\u00f3n de educaci\u00f3n superior reconocida en toda Am\u00e9rica Latina y abanderada de la ense\u00f1anza humanista, donde se han formado generaciones de profesionales con compromiso social. Creada por la Ley No.362 del 26 de agosto de 1940.<\/li>\n\n\n\n<li>El Instituto Tecnol\u00f3gico de Costa Rica (TEC) es una instituci\u00f3n nacional aut\u00f3noma de educaci\u00f3n superior universitaria, dedicada a la docencia, la investigaci\u00f3n y la extensi\u00f3n de la tecnolog\u00eda y las ciencias conexas para el desarrollo de Costa Rica. Creado mediante la Ley No. 4.777 del 10 de junio de 1971.<\/li>\n\n\n\n<li>La Universidad Nacional (UNA) es una instituci\u00f3n nacional aut\u00f3noma de educaci\u00f3n superior universitaria con gran prestigio a nivel nacional e internacional adem\u00e1s de ser reconocida como una universidad dedicada a la investigaci\u00f3n y posicionada entre las mejores universidades a nivel mundial. Creada mediante la Ley No. 5182 el 15 de febrero de 1973.<\/li>\n\n\n\n<li>La Universidad Estatal a Distancia (UNED) es una instituci\u00f3n de educaci\u00f3n superior p\u00fablica creada por Ley No. 6044 del 3 de marzo de 1977. La UNED es la primera instituci\u00f3n de \u201ceducaci\u00f3n superior especializada en ense\u00f1anza a trav\u00e9s de los medios de comunicaci\u00f3n social.\u201d (1977:1) siendo pionera en el modelo de educaci\u00f3n a distancia en Am\u00e9rica Latina.<\/li>\n\n\n\n<li>La Universidad T\u00e9cnica Nacional es la quinta universidad p\u00fablica de la Rep\u00fablica de Costa Rica. Esta universidad fue creada mediante la Ley No. 8638 del 4 de junio de 2008 con el fin de dar atenci\u00f3n a las necesidades de formaci\u00f3n cient\u00edfica, t\u00e9cnica y tecnol\u00f3gica que requiere el pa\u00eds, en todos los niveles de educaci\u00f3n superior universitaria.<\/li>\n<\/ol>\n","protected":false},"excerpt":{"rendered":"<p>En el a\u00f1o 1983 se instituy\u00f3 en el seno del Consejo Nacional de Rectores (CONARE) la Comisi\u00f3n de personas directoras de Bibliotecas de la educaci\u00f3n superior estatal de Costa Rica que hoy en d\u00eda se conoce como Sistema de Bibliotecas de la Educaci\u00f3n Superior Estatal de Costa Rica (SIBESE-CR). La explosi\u00f3n de las fuentes de [&hellip;]<\/p>\n","protected":false},"author":2,"featured_media":0,"parent":0,"menu_order":0,"comment_status":"closed","ping_status":"closed","template":"","meta":{"footnotes":""},"class_list":["post-88","page","type-page","status-publish","hentry"],"_links":{"self":[{"href":"https:\/\/sibese.conare.ac.cr\/index.php\/wp-json\/wp\/v2\/pages\/88","targetHints":{"allow":["GET"]}}],"collection":[{"href":"https:\/\/sibese.conare.ac.cr\/index.php\/wp-json\/wp\/v2\/pages"}],"about":[{"href":"https:\/\/sibese.conare.ac.cr\/index.php\/wp-json\/wp\/v2\/types\/page"}],"author":[{"embeddable":true,"href":"https:\/\/sibese.conare.ac.cr\/index.php\/wp-json\/wp\/v2\/users\/2"}],"replies":[{"embeddable":true,"href":"https:\/\/sibese.conare.ac.cr\/index.php\/wp-json\/wp\/v2\/comments?post=88"}],"version-history":[{"count":2,"href":"https:\/\/sibese.conare.ac.cr\/index.php\/wp-json\/wp\/v2\/pages\/88\/revisions"}],"predecessor-version":[{"id":101,"href":"https:\/\/sibese.conare.ac.cr\/index.php\/wp-json\/wp\/v2\/pages\/88\/revisions\/101"}],"wp:attachment":[{"href":"https:\/\/sibese.conare.ac.cr\/index.php\/wp-json\/wp\/v2\/media?parent=88"}],"curies":[{"name":"wp","href":"https:\/\/api.w.org\/{rel}","templated":true}]}}