{"id":92,"date":"2024-06-12T16:37:34","date_gmt":"2024-06-12T22:37:34","guid":{"rendered":"https:\/\/sibese.conare.ac.cr\/?page_id=92"},"modified":"2024-06-12T16:38:34","modified_gmt":"2024-06-12T22:38:34","slug":"quienes-somos","status":"publish","type":"page","link":"https:\/\/sibese.conare.ac.cr\/index.php\/quienes-somos\/","title":{"rendered":"Qui\u00e9nes somos?"},"content":{"rendered":"\n<p><strong>Objetivos<\/strong><\/p>\n\n\n\n<p>De acuerdo con lo establecido por el Consejo Nacional de Rectores, en su sesi\u00f3n N\u00b083\u20138 del 8 de marzo 1982, se defini\u00f3 como objetivo general, gestionar el Sistema Interuniversitario Bibliotecario para el fortalecimiento de la calidad e impacto acad\u00e9mico de las l\u00edneas de investigaci\u00f3n prioritarias interuniversitarias con compromiso pa\u00eds.<\/p>\n\n\n\n<ol class=\"wp-block-list\" start=\"4\"><\/ol>\n\n\n\n<p><strong>Historia<\/strong><\/p>\n\n\n\n<p><\/p>\n\n\n\n<p>Nota: considerar informaci\u00f3n del libro azul &amp; Inclusi\u00f3n de informaci\u00f3n del oficio ACUERDO-BIBLIO-158-2019 (Evelyn)<\/p>\n\n\n\n<ol class=\"wp-block-list\" start=\"4\"><\/ol>\n\n\n\n<p><strong>Instituciones miembros del SIBESE-CR<\/strong><\/p>\n\n\n\n<p><\/p>\n\n\n\n<p>Como se establece en los Sitios Web de cada sistema e instituci\u00f3n<\/p>\n\n\n\n<ol class=\"wp-block-list\" start=\"4\"><\/ol>\n\n\n\n<ol class=\"wp-block-list\" style=\"list-style-type:lower-alpha\">\n<li><strong>Sistema de Bibliotecas, Documentaci\u00f3n e Informaci\u00f3n SIBDI-UCR: <\/strong>Tiene como funci\u00f3n, liderar un sistema de bibliotecas, documentaci\u00f3n e informaci\u00f3n a la vanguardia, que estimule el quehacer acad\u00e9mico y cient\u00edfico, dentro del \u00e1mbito universitario y con un alto impacto en el desarrollo regional, nacional e internacional. El SIBDI tiene como objetivos satisfacer la demanda de informaci\u00f3n y adquirir, preservar y divulgar el acervo bibliogr\u00e1fico institucional requerido por la comunidad de personas usuarias para el desarrollo de las actividades de investigaci\u00f3n, docencia, acci\u00f3n social, as\u00ed como, desde su \u00e1mbito de competencias, con la gesti\u00f3n administrativa de la Universidad de Costa Rica.<\/li>\n\n\n\n<li><strong>Sistema de Bibliotecas del TEC (SIBITEC):<\/strong> Tiene como principal objetivo proporcionar, una amplia disponibilidad de recursos y servicios de informaci\u00f3n para la diseminaci\u00f3n del conocimiento y contribuir as\u00ed al desarrollo de las comunidades acad\u00e9micas y al pa\u00eds en general.<\/li>\n<\/ol>\n\n\n\n<ol class=\"wp-block-list\" start=\"3\" style=\"list-style-type:lower-alpha\">\n<li><strong>Sistema de Informaci\u00f3n Documental de la Universidad Nacional (SIDUNA):<\/strong> Conformado por 18 bibliotecas, con la misi\u00f3n de ofrecer y promover servicios y productos de informaci\u00f3n eficaces, eficientes e innovadores para apoyar el desarrollo de la docencia, la investigaci\u00f3n, la extensi\u00f3n y la producci\u00f3n acad\u00e9mica de la Universidad Nacional, con infraestructura f\u00edsica y tecnol\u00f3gica apropiada, recurso humano motivado, capacitado y comprometido con el servicio y la misi\u00f3n institucional, formando usuarios alfabetizados informacionalmente.<\/li>\n<\/ol>\n\n\n\n<ol class=\"wp-block-list\" start=\"4\" style=\"list-style-type:lower-alpha\">\n<li><strong>Sistema Integrado de Bibliotecas y Recursos Digitales (SIBIREDI \u2013 UTN): <\/strong>Est\u00e1 constituido por las Bibliotecas de las Sedes y los Centros Universitarios, que interact\u00faan entre s\u00ed y cuyo fin primordial es realizar los procesos de forma coordinada y uniforme que permitan presentar informaci\u00f3n precisa y organizada a la comunidad universitaria de acuerdo con sus requerimientos, en apoyo al desarrollo efectivo de sus actividades acad\u00e9micas, de investigaci\u00f3n y extensi\u00f3n, aprovechando al m\u00e1ximo los recursos materiales, humanos y de infraestructura, as\u00ed como los avances en las tecnolog\u00edas de la informaci\u00f3n y la comunicaci\u00f3n.<\/li>\n<\/ol>\n\n\n\n<ol class=\"wp-block-list\" start=\"5\" style=\"list-style-type:lower-alpha\">\n<li><strong>Centro de Informaci\u00f3n, Documentaci\u00f3n y Recursos Bibliogr\u00e1ficos CIDREB: <\/strong>Creado por el Consejo Universitario en sesi\u00f3n No. 1260, art. V) de 19 de marzo de 1997, el cual se estructura por el Centro de Informaci\u00f3n y Documentaci\u00f3n y el sistema de bibliotecas, conformado por la Biblioteca Luis Ferrero Acosta, ubicada en la sede central y 28 bibliotecas distribuidas en los centros universitarios. Su objetivo es servir como unidad de apoyo con recursos bibliogr\u00e1ficos a la comunidad universitaria y p\u00fablico en general, gestionando los materiales producidos por las dependencias, as\u00ed como, disponer una amplia colecci\u00f3n bibliogr\u00e1fica, que represente el conocimiento humano, con \u00e9nfasis en los cursos y carreras que imparte la UNED.<\/li>\n<\/ol>\n\n\n\n<ol class=\"wp-block-list\" start=\"6\" style=\"list-style-type:lower-alpha\">\n<li><strong>Biblioteca del Conare: <\/strong>Biblioteca institucional creada para apoyar el cumplimiento de la misi\u00f3n institucional mediante el desarrollo y promoci\u00f3n servicios y productos digitales de informaci\u00f3n, que satisfagan en forma eficiente, oportuna y pertinente las necesidades de informaci\u00f3n de sus usuarios, para contribuir en la creaci\u00f3n y adopci\u00f3n de la ciencia y la tecnolog\u00eda necesarias para el desarrollo del pa\u00eds.<\/li>\n<\/ol>\n","protected":false},"excerpt":{"rendered":"<p>Objetivos De acuerdo con lo establecido por el Consejo Nacional de Rectores, en su sesi\u00f3n N\u00b083\u20138 del 8 de marzo 1982, se defini\u00f3 como objetivo general, gestionar el Sistema Interuniversitario Bibliotecario para el fortalecimiento de la calidad e impacto acad\u00e9mico de las l\u00edneas de investigaci\u00f3n prioritarias interuniversitarias con compromiso pa\u00eds. Historia Nota: considerar informaci\u00f3n del [&hellip;]<\/p>\n","protected":false},"author":2,"featured_media":0,"parent":0,"menu_order":0,"comment_status":"closed","ping_status":"closed","template":"","meta":{"footnotes":""},"class_list":["post-92","page","type-page","status-publish","hentry"],"_links":{"self":[{"href":"https:\/\/sibese.conare.ac.cr\/index.php\/wp-json\/wp\/v2\/pages\/92","targetHints":{"allow":["GET"]}}],"collection":[{"href":"https:\/\/sibese.conare.ac.cr\/index.php\/wp-json\/wp\/v2\/pages"}],"about":[{"href":"https:\/\/sibese.conare.ac.cr\/index.php\/wp-json\/wp\/v2\/types\/page"}],"author":[{"embeddable":true,"href":"https:\/\/sibese.conare.ac.cr\/index.php\/wp-json\/wp\/v2\/users\/2"}],"replies":[{"embeddable":true,"href":"https:\/\/sibese.conare.ac.cr\/index.php\/wp-json\/wp\/v2\/comments?post=92"}],"version-history":[{"count":3,"href":"https:\/\/sibese.conare.ac.cr\/index.php\/wp-json\/wp\/v2\/pages\/92\/revisions"}],"predecessor-version":[{"id":111,"href":"https:\/\/sibese.conare.ac.cr\/index.php\/wp-json\/wp\/v2\/pages\/92\/revisions\/111"}],"wp:attachment":[{"href":"https:\/\/sibese.conare.ac.cr\/index.php\/wp-json\/wp\/v2\/media?parent=92"}],"curies":[{"name":"wp","href":"https:\/\/api.w.org\/{rel}","templated":true}]}}